{"id":407,"date":"2025-07-13T16:30:58","date_gmt":"2025-07-13T16:30:58","guid":{"rendered":"https:\/\/ironpandarace.com\/?page_id=407"},"modified":"2026-04-05T11:45:13","modified_gmt":"2026-04-05T11:45:13","slug":"recorrido-iron-panda","status":"publish","type":"page","link":"https:\/\/ironpandarace.com\/?page_id=407","title":{"rendered":"Recorrido"},"content":{"rendered":"\t\t<div data-elementor-type=\"wp-page\" data-elementor-id=\"407\" class=\"elementor elementor-407\">\n\t\t\t\t<div class=\"elementor-element elementor-element-84228c4 e-flex e-con-boxed e-con e-parent\" data-id=\"84228c4\" data-element_type=\"container\" data-e-type=\"container\" id=\"video-pegajoso\" data-settings=\"{&quot;background_background&quot;:&quot;classic&quot;}\">\n\t\t\t\t\t<div class=\"e-con-inner\">\n\t\t\t\t<div class=\"elementor-element elementor-element-98a2cdd elementor-widget elementor-widget-heading\" data-id=\"98a2cdd\" data-element_type=\"widget\" data-e-type=\"widget\" data-widget_type=\"heading.default\">\n\t\t\t\t<div class=\"elementor-widget-container\">\n\t\t\t\t\t<h2 class=\"elementor-heading-title elementor-size-default\">El Recorrido est\u00e1 pendiente de verificaci\u00f3n. Pronto traeremos novedades.<\/h2>\t\t\t\t<\/div>\n\t\t\t\t<\/div>\n\t\t\t\t\t<\/div>\n\t\t\t\t<\/div>\n\t\t<div class=\"elementor-element elementor-element-8c286a1 elementor-hidden-desktop elementor-hidden-tablet elementor-hidden-mobile e-flex e-con-boxed e-con e-parent\" data-id=\"8c286a1\" data-element_type=\"container\" data-e-type=\"container\" data-settings=\"{&quot;background_background&quot;:&quot;classic&quot;}\">\n\t\t\t\t\t<div class=\"e-con-inner\">\n\t\t<div class=\"elementor-element elementor-element-db5ec0c e-con-full e-flex e-con e-child\" data-id=\"db5ec0c\" data-element_type=\"container\" data-e-type=\"container\">\n\t\t<div class=\"elementor-element elementor-element-da5515f e-con-full e-flex e-con e-child\" data-id=\"da5515f\" data-element_type=\"container\" data-e-type=\"container\" data-settings=\"{&quot;background_background&quot;:&quot;classic&quot;}\">\n\t\t\t\t<div class=\"elementor-element elementor-element-3ae9774 elementor-widget elementor-widget-heading\" data-id=\"3ae9774\" data-element_type=\"widget\" data-e-type=\"widget\" data-widget_type=\"heading.default\">\n\t\t\t\t<div class=\"elementor-widget-container\">\n\t\t\t\t\t<h2 class=\"elementor-heading-title elementor-size-default\">Etapa 1: Almeria &lt; Nador &gt; Midelt<\/h2>\t\t\t\t<\/div>\n\t\t\t\t<\/div>\n\t\t\t\t<div class=\"elementor-element elementor-element-2d586ad elementor-widget elementor-widget-text-editor\" data-id=\"2d586ad\" data-element_type=\"widget\" data-e-type=\"widget\" data-widget_type=\"text-editor.default\">\n\t\t\t\t<div class=\"elementor-widget-container\">\n\t\t\t\t\t\t\t\t\t<p>La aventura arranca en Almeria tras las verificaciones administrativas y t\u00e9cnicas embarcamos direcci\u00f3n Nador. Tras el desembarco en Nador, los equipos pondr\u00e1n rumbo al sur, atravesando paisajes cambiantes en una primera toma de contacto con el terreno marroqu\u00ed hasta llegar a Midelt. Etapa 1.<\/p>\t\t\t\t\t\t\t\t<\/div>\n\t\t\t\t<\/div>\n\t\t\t\t<\/div>\n\t\t<div class=\"elementor-element elementor-element-a958557 e-con-full e-flex e-con e-child\" data-id=\"a958557\" data-element_type=\"container\" data-e-type=\"container\" data-settings=\"{&quot;background_background&quot;:&quot;classic&quot;}\">\n\t\t\t\t<div class=\"elementor-element elementor-element-d8a8a16 elementor-widget elementor-widget-heading\" data-id=\"d8a8a16\" data-element_type=\"widget\" data-e-type=\"widget\" data-widget_type=\"heading.default\">\n\t\t\t\t<div class=\"elementor-widget-container\">\n\t\t\t\t\t<h2 class=\"elementor-heading-title elementor-size-default\">Etapa 2: Midelt &gt; Merzouga<\/h2>\t\t\t\t<\/div>\n\t\t\t\t<\/div>\n\t\t\t\t<div class=\"elementor-element elementor-element-f7738d0 elementor-widget elementor-widget-text-editor\" data-id=\"f7738d0\" data-element_type=\"widget\" data-e-type=\"widget\" data-widget_type=\"text-editor.default\">\n\t\t\t\t<div class=\"elementor-widget-container\">\n\t\t\t\t\t\t\t\t\t<p>Etapa 2 y primer contacto con las dunas de erg chebee. final en Merzouga.<\/p>\t\t\t\t\t\t\t\t<\/div>\n\t\t\t\t<\/div>\n\t\t\t\t<\/div>\n\t\t<div class=\"elementor-element elementor-element-d22fc5a e-con-full e-flex e-con e-child\" data-id=\"d22fc5a\" data-element_type=\"container\" data-e-type=\"container\" data-settings=\"{&quot;background_background&quot;:&quot;classic&quot;}\">\n\t\t\t\t<div class=\"elementor-element elementor-element-0879790 elementor-widget elementor-widget-heading\" data-id=\"0879790\" data-element_type=\"widget\" data-e-type=\"widget\" data-widget_type=\"heading.default\">\n\t\t\t\t<div class=\"elementor-widget-container\">\n\t\t\t\t\t<h2 class=\"elementor-heading-title elementor-size-default\">Etapa 3: Merzouga &gt; Zagora<\/h2>\t\t\t\t<\/div>\n\t\t\t\t<\/div>\n\t\t\t\t<div class=\"elementor-element elementor-element-577acb1 elementor-widget elementor-widget-text-editor\" data-id=\"577acb1\" data-element_type=\"widget\" data-e-type=\"widget\" data-widget_type=\"text-editor.default\">\n\t\t\t\t<div class=\"elementor-widget-container\">\n\t\t\t\t\t\t\t\t\t<p>Etapa 3. Una etapa larga y exigente que pondr\u00e1 a prueba la navegaci\u00f3n y la resistencia de los equipos, en un recorrido que nos llevar\u00e1 hasta la m\u00edtica Zagora.<\/p>\t\t\t\t\t\t\t\t<\/div>\n\t\t\t\t<\/div>\n\t\t\t\t<\/div>\n\t\t<div class=\"elementor-element elementor-element-76512c1 e-con-full e-flex e-con e-child\" data-id=\"76512c1\" data-element_type=\"container\" data-e-type=\"container\" data-settings=\"{&quot;background_background&quot;:&quot;classic&quot;}\">\n\t\t\t\t<div class=\"elementor-element elementor-element-03bed8b elementor-widget elementor-widget-heading\" data-id=\"03bed8b\" data-element_type=\"widget\" data-e-type=\"widget\" data-widget_type=\"heading.default\">\n\t\t\t\t<div class=\"elementor-widget-container\">\n\t\t\t\t\t<h2 class=\"elementor-heading-title elementor-size-default\">Etapa 4: Zagora &gt; Zagora<\/h2>\t\t\t\t<\/div>\n\t\t\t\t<\/div>\n\t\t\t\t<div class=\"elementor-element elementor-element-961901c elementor-widget elementor-widget-text-editor\" data-id=\"961901c\" data-element_type=\"widget\" data-e-type=\"widget\" data-widget_type=\"text-editor.default\">\n\t\t\t\t<div class=\"elementor-widget-container\">\n\t\t\t\t\t\t\t\t\t<p>Etapa 4. Con salida y llegada en Zagora. Los equipos se adentrar\u00e1n en pistas de arena y paisajes remotos, pasando por erg chegaga. El erg mas grande e imponente de marruecos.<\/p>\t\t\t\t\t\t\t\t<\/div>\n\t\t\t\t<\/div>\n\t\t\t\t<\/div>\n\t\t<div class=\"elementor-element elementor-element-bfd11eb e-con-full e-flex e-con e-child\" data-id=\"bfd11eb\" data-element_type=\"container\" data-e-type=\"container\" data-settings=\"{&quot;background_background&quot;:&quot;classic&quot;}\">\n\t\t\t\t<div class=\"elementor-element elementor-element-e95ace4 elementor-widget elementor-widget-heading\" data-id=\"e95ace4\" data-element_type=\"widget\" data-e-type=\"widget\" data-widget_type=\"heading.default\">\n\t\t\t\t<div class=\"elementor-widget-container\">\n\t\t\t\t\t<h2 class=\"elementor-heading-title elementor-size-default\">Etapa 5: Zagora &gt; Merzouga<\/h2>\t\t\t\t<\/div>\n\t\t\t\t<\/div>\n\t\t\t\t<div class=\"elementor-element elementor-element-ff78d95 elementor-widget elementor-widget-text-editor\" data-id=\"ff78d95\" data-element_type=\"widget\" data-e-type=\"widget\" data-widget_type=\"text-editor.default\">\n\t\t\t\t<div class=\"elementor-widget-container\">\n\t\t\t\t\t\t\t\t\t<p>Etapa 5 vuelta a Merzouga por una ruta diferente, enfrent\u00e1ndose de nuevo a un largo kilometraje donde la gesti\u00f3n de la mec\u00e1nica, la concentraci\u00f3n y sobre todo una buena navegaci\u00f3n ser\u00e1n claves para llegar al final de etapa sin penalizaci\u00f3n.<\/p>\t\t\t\t\t\t\t\t<\/div>\n\t\t\t\t<\/div>\n\t\t\t\t<\/div>\n\t\t<div class=\"elementor-element elementor-element-0c44b8f e-con-full e-flex e-con e-child\" data-id=\"0c44b8f\" data-element_type=\"container\" data-e-type=\"container\" data-settings=\"{&quot;background_background&quot;:&quot;classic&quot;}\">\n\t\t\t\t<div class=\"elementor-element elementor-element-0b173f1 elementor-widget elementor-widget-heading\" data-id=\"0b173f1\" data-element_type=\"widget\" data-e-type=\"widget\" data-widget_type=\"heading.default\">\n\t\t\t\t<div class=\"elementor-widget-container\">\n\t\t\t\t\t<h2 class=\"elementor-heading-title elementor-size-default\">Etapa 6: Bucle Merzouga (Erg Chebbi)<\/h2>\t\t\t\t<\/div>\n\t\t\t\t<\/div>\n\t\t\t\t<div class=\"elementor-element elementor-element-52682ca elementor-widget elementor-widget-text-editor\" data-id=\"52682ca\" data-element_type=\"widget\" data-e-type=\"widget\" data-widget_type=\"text-editor.default\">\n\t\t\t\t<div class=\"elementor-widget-container\">\n\t\t\t\t\t\t\t\t\t<p>Etapa 6. Etapa m\u00edtica ya en la IRON una etapa 100&#215;100 dunas . 75 km de dunas en un recorrido integro por erg chebee<\/p>\t\t\t\t\t\t\t\t<\/div>\n\t\t\t\t<\/div>\n\t\t\t\t<\/div>\n\t\t<div class=\"elementor-element elementor-element-e881b2a e-con-full e-flex e-con e-child\" data-id=\"e881b2a\" data-element_type=\"container\" data-e-type=\"container\" data-settings=\"{&quot;background_background&quot;:&quot;classic&quot;}\">\n\t\t\t\t<div class=\"elementor-element elementor-element-1f775e3 elementor-widget elementor-widget-heading\" data-id=\"1f775e3\" data-element_type=\"widget\" data-e-type=\"widget\" data-widget_type=\"heading.default\">\n\t\t\t\t<div class=\"elementor-widget-container\">\n\t\t\t\t\t<h2 class=\"elementor-heading-title elementor-size-default\">Etapa 7: Bucle Merzouga<\/h2>\t\t\t\t<\/div>\n\t\t\t\t<\/div>\n\t\t\t\t<div class=\"elementor-element elementor-element-82430ae elementor-widget elementor-widget-text-editor\" data-id=\"82430ae\" data-element_type=\"widget\" data-e-type=\"widget\" data-widget_type=\"text-editor.default\">\n\t\t\t\t<div class=\"elementor-widget-container\">\n\t\t\t\t\t\t\t\t\t<p>Etapa 7. La \u00faltima etapa competitiva ser\u00e1 un examen final de navegaci\u00f3n pura. Un bucle que pondra a prueba a los equipos y decidira el resultado final.<br \/>Final de raid y entrega de premios.<\/p>\t\t\t\t\t\t\t\t<\/div>\n\t\t\t\t<\/div>\n\t\t\t\t<\/div>\n\t\t<div class=\"elementor-element elementor-element-bb60a7f e-con-full e-flex e-con e-child\" data-id=\"bb60a7f\" data-element_type=\"container\" data-e-type=\"container\" data-settings=\"{&quot;background_background&quot;:&quot;classic&quot;}\">\n\t\t\t\t<div class=\"elementor-element elementor-element-4db49cb elementor-widget elementor-widget-heading\" data-id=\"4db49cb\" data-element_type=\"widget\" data-e-type=\"widget\" data-widget_type=\"heading.default\">\n\t\t\t\t<div class=\"elementor-widget-container\">\n\t\t\t\t\t<h2 class=\"elementor-heading-title elementor-size-default\">Etapa 8: Merzouga &gt; Nador (Enlace)<\/h2>\t\t\t\t<\/div>\n\t\t\t\t<\/div>\n\t\t\t\t<div class=\"elementor-element elementor-element-eeaf37e elementor-widget elementor-widget-text-editor\" data-id=\"eeaf37e\" data-element_type=\"widget\" data-e-type=\"widget\" data-widget_type=\"text-editor.default\">\n\t\t\t\t<div class=\"elementor-widget-container\">\n\t\t\t\t\t\t\t\t\t<p>Etapa de enlace por carretera para que todos los equipos lleguen con tranquilidad al puerto de Nador, donde embarcar\u00e1n de vuelta con el recuerdo de una aventura inolvidable.\u00a0<br \/><span style=\"font-size: 1rem;\">Llegada a Almeria.<\/span><\/p>\t\t\t\t\t\t\t\t<\/div>\n\t\t\t\t<\/div>\n\t\t\t\t<\/div>\n\t\t\t\t<\/div>\n\t\t<div class=\"elementor-element elementor-element-270e9ae e-con-full e-flex e-con e-child\" data-id=\"270e9ae\" data-element_type=\"container\" data-e-type=\"container\">\n\t\t\t\t<\/div>\n\t\t\t\t\t<\/div>\n\t\t\t\t<\/div>\n\t\t<div class=\"elementor-element elementor-element-9be9c3f e-flex e-con-boxed e-con e-parent\" data-id=\"9be9c3f\" data-element_type=\"container\" data-e-type=\"container\" data-settings=\"{&quot;background_background&quot;:&quot;classic&quot;}\">\n\t\t\t\t\t<div class=\"e-con-inner\">\n\t\t\t\t\t<\/div>\n\t\t\t\t<\/div>\n\t\t<div class=\"elementor-element elementor-element-5d4f289 e-flex e-con-boxed e-con e-parent\" data-id=\"5d4f289\" data-element_type=\"container\" data-e-type=\"container\" data-settings=\"{&quot;background_background&quot;:&quot;classic&quot;}\">\n\t\t\t\t\t<div class=\"e-con-inner\">\n\t\t\t\t\t<\/div>\n\t\t\t\t<\/div>\n\t\t\t\t<\/div>\n\t\t","protected":false},"excerpt":{"rendered":"<p>El Recorrido est\u00e1 pendiente de verificaci\u00f3n. Pronto traeremos novedades. Etapa 1: Almeria &lt; Nador &gt; Midelt La aventura arranca en Almeria tras las verificaciones administrativas y t\u00e9cnicas embarcamos direcci\u00f3n Nador. Tras el desembarco en Nador, los equipos pondr\u00e1n rumbo al sur, atravesando paisajes cambiantes en una primera toma de contacto con el terreno marroqu\u00ed hasta [&hellip;]<\/p>\n","protected":false},"author":1,"featured_media":0,"parent":0,"menu_order":0,"comment_status":"closed","ping_status":"closed","template":"elementor_header_footer","meta":{"footnotes":""},"class_list":["post-407","page","type-page","status-publish","hentry"],"_links":{"self":[{"href":"https:\/\/ironpandarace.com\/index.php?rest_route=\/wp\/v2\/pages\/407","targetHints":{"allow":["GET"]}}],"collection":[{"href":"https:\/\/ironpandarace.com\/index.php?rest_route=\/wp\/v2\/pages"}],"about":[{"href":"https:\/\/ironpandarace.com\/index.php?rest_route=\/wp\/v2\/types\/page"}],"author":[{"embeddable":true,"href":"https:\/\/ironpandarace.com\/index.php?rest_route=\/wp\/v2\/users\/1"}],"replies":[{"embeddable":true,"href":"https:\/\/ironpandarace.com\/index.php?rest_route=%2Fwp%2Fv2%2Fcomments&post=407"}],"version-history":[{"count":40,"href":"https:\/\/ironpandarace.com\/index.php?rest_route=\/wp\/v2\/pages\/407\/revisions"}],"predecessor-version":[{"id":864,"href":"https:\/\/ironpandarace.com\/index.php?rest_route=\/wp\/v2\/pages\/407\/revisions\/864"}],"wp:attachment":[{"href":"https:\/\/ironpandarace.com\/index.php?rest_route=%2Fwp%2Fv2%2Fmedia&parent=407"}],"curies":[{"name":"wp","href":"https:\/\/api.w.org\/{rel}","templated":true}]}}